{"id":743,"date":"2025-12-25T08:42:16","date_gmt":"2025-12-25T08:42:16","guid":{"rendered":"https:\/\/iafsgroup.de\/?page_id=743"},"modified":"2026-01-03T06:19:52","modified_gmt":"2026-01-03T06:19:52","slug":"services","status":"publish","type":"page","link":"https:\/\/iafsgroup.de\/de\/services\/","title":{"rendered":"Dienstleistungen"},"content":{"rendered":"<div data-elementor-type=\"wp-page\" data-elementor-id=\"743\" class=\"elementor elementor-743\" data-elementor-post-type=\"page\">\n\t\t\t\t<div class=\"elementor-element elementor-element-d3acd79 e-flex e-con-boxed e-con e-parent\" data-id=\"d3acd79\" data-element_type=\"container\" data-e-type=\"container\" data-settings=\"{&quot;background_background&quot;:&quot;classic&quot;}\">\n\t\t\t\t\t<div class=\"e-con-inner\">\n\t\t<div class=\"elementor-element elementor-element-50a81d2 e-con-full e-flex e-con e-child\" data-id=\"50a81d2\" data-element_type=\"container\" data-e-type=\"container\">\n\t\t\t\t<div class=\"elementor-element elementor-element-5c1125b elementor-widget elementor-widget-heading\" data-id=\"5c1125b\" data-element_type=\"widget\" data-e-type=\"widget\" data-widget_type=\"heading.default\">\n\t\t\t\t\t<h1 class=\"elementor-heading-title elementor-size-default\">Dienstleistungen<\/h1>\t\t\t\t<\/div>\n\t\t\t\t<div class=\"elementor-element elementor-element-a9d8174 elementor-icon-list--layout-inline elementor-align-center elementor-list-item-link-full_width elementor-widget elementor-widget-icon-list\" data-id=\"a9d8174\" data-element_type=\"widget\" data-e-type=\"widget\" data-widget_type=\"icon-list.default\">\n\t\t\t\t\t\t\t<ul class=\"elementor-icon-list-items elementor-inline-items\">\n\t\t\t\t\t\t\t<li class=\"elementor-icon-list-item elementor-inline-item\">\n\t\t\t\t\t\t\t\t\t\t\t<a href=\"https:\/\/iafsgroup.de\/de\/\">\n\n\t\t\t\t\t\t\t\t\t\t\t<span class=\"elementor-icon-list-text\">Zuhause<\/span>\n\t\t\t\t\t\t\t\t\t\t\t<\/a>\n\t\t\t\t\t\t\t\t\t<\/li>\n\t\t\t\t\t\t\t\t<li class=\"elementor-icon-list-item elementor-inline-item\">\n\t\t\t\t\t\t\t\t\t\t\t<a href=\"https:\/\/iafsgroup.de\/de\/services\/\">\n\n\t\t\t\t\t\t\t\t\t\t\t\t<span class=\"elementor-icon-list-icon\">\n\t\t\t\t\t\t\t<i aria-hidden=\"true\" class=\"jki jki-arrow-up-right-line\"><\/i>\t\t\t\t\t\t<\/span>\n\t\t\t\t\t\t\t\t\t\t<span class=\"elementor-icon-list-text\">Dienstleistungen<\/span>\n\t\t\t\t\t\t\t\t\t\t\t<\/a>\n\t\t\t\t\t\t\t\t\t<\/li>\n\t\t\t\t\t\t<\/ul>\n\t\t\t\t\t\t<\/div>\n\t\t\t\t<\/div>\n\t\t\t\t\t<\/div>\n\t\t\t\t<\/div>\n\t\t<div class=\"elementor-element elementor-element-36b25ed e-flex e-con-boxed e-con e-parent\" data-id=\"36b25ed\" data-element_type=\"container\" data-e-type=\"container\">\n\t\t\t\t\t<div class=\"e-con-inner\">\n\t\t<div class=\"elementor-element elementor-element-cbe41b3 e-con-full e-flex e-con e-child\" data-id=\"cbe41b3\" data-element_type=\"container\" data-e-type=\"container\">\n\t\t\t\t<div class=\"elementor-element elementor-element-04a0bb6 elementor-widget elementor-widget-image\" data-id=\"04a0bb6\" data-element_type=\"widget\" data-e-type=\"widget\" data-widget_type=\"image.default\">\n\t\t\t\t\t\t\t\t\t\t\t\t\t\t\t<img fetchpriority=\"high\" decoding=\"async\" width=\"1000\" height=\"667\" src=\"https:\/\/iafsgroup.de\/wp-content\/uploads\/2025\/12\/427.jpg\" class=\"attachment-full size-full wp-image-804\" alt=\"General Sales and Service Agent GSSA Team at IAFS GmbH Essen\" srcset=\"https:\/\/iafsgroup.de\/wp-content\/uploads\/2025\/12\/427.jpg 1000w, https:\/\/iafsgroup.de\/wp-content\/uploads\/2025\/12\/427-300x200.jpg 300w, https:\/\/iafsgroup.de\/wp-content\/uploads\/2025\/12\/427-768x512.jpg 768w\" sizes=\"(max-width: 1000px) 100vw, 1000px\" \/>\t\t\t\t\t\t\t\t\t\t\t\t\t\t\t<\/div>\n\t\t\t\t<\/div>\n\t\t<div class=\"elementor-element elementor-element-4956796 e-con-full e-flex e-con e-child\" data-id=\"4956796\" data-element_type=\"container\" data-e-type=\"container\">\n\t\t\t\t<div class=\"elementor-element elementor-element-5d279e4 elementor-widget elementor-widget-elementskit-heading\" data-id=\"5d279e4\" data-element_type=\"widget\" data-e-type=\"widget\" id=\"General\" data-widget_type=\"elementskit-heading.default\">\n\t\t\t\t\t<div class=\"ekit-wid-con\" ><div class=\"ekit-heading elementskit-section-title-wraper text_left   ekit_heading_tablet-text_left   ekit_heading_mobile-\"><h2 class=\"ekit-heading--title elementskit-section-title\">General Sales &amp; Service Agent (GSSA)<\/h2><\/div><\/div>\t\t\t\t<\/div>\n\t\t\t\t<div class=\"elementor-element elementor-element-2a201cb elementor-widget elementor-widget-text-editor\" data-id=\"2a201cb\" data-element_type=\"widget\" data-e-type=\"widget\" data-widget_type=\"text-editor.default\">\n\t\t\t\t\t\t\t\t\t<p data-start=\"241\" data-end=\"745\">IAFS bietet umfassende L\u00f6sungen als General Sales &amp; Service Agent (GSSA) f\u00fcr Fluggesellschaften, die ihre Marktpr\u00e4senz ausbauen m\u00f6chten. Wir \u00fcbernehmen den Verkauf, die Kundenbeziehungen und die operative Koordination im Auftrag der Fluggesellschaften. Unser erfahrenes Team sorgt f\u00fcr konstanten Umsatzwachstum, Markenrepr\u00e4sentation und starke Marktdurchdringung. Von Frachtbuchungen bis hin zur Kundenbetreuung agieren wir als zuverl\u00e4ssige Erweiterung der Fluggesellschaft. Dies erm\u00f6glicht es Fluggesellschaften, sich auf den Betrieb zu konzentrieren, w\u00e4hrend wir die kommerziellen Aspekte effizient \u00fcbernehmen.<\/p>\t\t\t\t\t\t\t\t<\/div>\n\t\t\t\t<div class=\"elementor-element elementor-element-16415b8 elementor-invisible elementor-widget elementor-widget-jkit_button\" data-id=\"16415b8\" data-element_type=\"widget\" data-e-type=\"widget\" data-settings=\"{&quot;_animation&quot;:&quot;fadeIn&quot;,&quot;_animation_tablet&quot;:&quot;none&quot;}\" data-widget_type=\"jkit_button.default\">\n\t\t\t\t\t<div  class=\"jeg-elementor-kit jkit-button  icon-position-after jeg_module___69fc76d04f40b\" ><a href=\"https:\/\/iafsgroup.de\/de\/contact\/\" class=\"jkit-button-wrapper\">Kontakt<i aria-hidden=\"true\" class=\"jki jki-arrow-up-right-line\"><\/i><\/a><\/div>\t\t\t\t<\/div>\n\t\t\t\t<\/div>\n\t\t\t\t\t<\/div>\n\t\t\t\t<\/div>\n\t\t<div class=\"elementor-element elementor-element-c7abc07 e-flex e-con-boxed e-con e-parent\" data-id=\"c7abc07\" data-element_type=\"container\" data-e-type=\"container\" id=\"Cargo\" data-settings=\"{&quot;background_background&quot;:&quot;classic&quot;}\">\n\t\t\t\t\t<div class=\"e-con-inner\">\n\t\t<div class=\"elementor-element elementor-element-afaa440 e-con-full e-flex e-con e-child\" data-id=\"afaa440\" data-element_type=\"container\" data-e-type=\"container\">\n\t\t\t\t<div class=\"elementor-element elementor-element-03c0b6d elementor-widget elementor-widget-image\" data-id=\"03c0b6d\" data-element_type=\"widget\" data-e-type=\"widget\" data-widget_type=\"image.default\">\n\t\t\t\t\t\t\t\t\t\t\t\t\t\t\t<img decoding=\"async\" width=\"1200\" height=\"800\" src=\"https:\/\/iafsgroup.de\/wp-content\/uploads\/2025\/12\/2214.webp\" class=\"attachment-full size-full wp-image-814\" alt=\"IAFS GmbH aircraft cargo capacity management service optimizing airline load planning in Essen Germany\" srcset=\"https:\/\/iafsgroup.de\/wp-content\/uploads\/2025\/12\/2214.webp 1200w, https:\/\/iafsgroup.de\/wp-content\/uploads\/2025\/12\/2214-300x200.webp 300w, https:\/\/iafsgroup.de\/wp-content\/uploads\/2025\/12\/2214-1024x683.webp 1024w, https:\/\/iafsgroup.de\/wp-content\/uploads\/2025\/12\/2214-768x512.webp 768w\" sizes=\"(max-width: 1200px) 100vw, 1200px\" \/>\t\t\t\t\t\t\t\t\t\t\t\t\t\t\t<\/div>\n\t\t\t\t<\/div>\n\t\t<div class=\"elementor-element elementor-element-9806166 e-con-full e-flex e-con e-child\" data-id=\"9806166\" data-element_type=\"container\" data-e-type=\"container\">\n\t\t\t\t<div class=\"elementor-element elementor-element-02ba853 elementor-widget elementor-widget-elementskit-heading\" data-id=\"02ba853\" data-element_type=\"widget\" data-e-type=\"widget\" data-widget_type=\"elementskit-heading.default\">\n\t\t\t\t\t<div class=\"ekit-wid-con\" ><div class=\"ekit-heading elementskit-section-title-wraper text_left   ekit_heading_tablet-text_left   ekit_heading_mobile-\"><h2 class=\"ekit-heading--title elementskit-section-title\">Air Cargo Kapazit\u00e4tsmanagement<\/h2><\/div><\/div>\t\t\t\t<\/div>\n\t\t\t\t<div class=\"elementor-element elementor-element-3518d55 elementor-widget elementor-widget-text-editor\" data-id=\"3518d55\" data-element_type=\"widget\" data-e-type=\"widget\" data-widget_type=\"text-editor.default\">\n\t\t\t\t\t\t\t\t\t<p>Unser Air-Cargo-Kapazit\u00e4tsmanagement-Service konzentriert sich darauf, die Nutzung des Frachtbereichs von Flugzeugen zu maximieren. Wir analysieren Nachfrage, Streckenleistung und saisonale Trends, um eine optimale Ladeplanung zu gew\u00e4hrleisten. Durch die Reduzierung ungenutzter Kapazit\u00e4t helfen wir Fluggesellschaften, die Rentabilit\u00e4t und die operative Effizienz zu steigern. Unser strategischer Ansatz balanciert die Kundennachfrage mit dem verf\u00fcgbaren Raum. Dies f\u00fchrt zu einem verbesserten Erl\u00f6smanagement und reibungsloseren Frachtoperationen.<\/p>\t\t\t\t\t\t\t\t<\/div>\n\t\t\t\t<div class=\"elementor-element elementor-element-21e8ce4 elementor-invisible elementor-widget elementor-widget-jkit_button\" data-id=\"21e8ce4\" data-element_type=\"widget\" data-e-type=\"widget\" data-settings=\"{&quot;_animation&quot;:&quot;fadeIn&quot;,&quot;_animation_tablet&quot;:&quot;none&quot;}\" data-widget_type=\"jkit_button.default\">\n\t\t\t\t\t<div  class=\"jeg-elementor-kit jkit-button  icon-position-after jeg_module__1_69fc76d05096e\" ><a href=\"https:\/\/iafsgroup.de\/de\/contact\/\" class=\"jkit-button-wrapper\">Kontakt<i aria-hidden=\"true\" class=\"jki jki-arrow-up-right-line\"><\/i><\/a><\/div>\t\t\t\t<\/div>\n\t\t\t\t<\/div>\n\t\t\t\t\t<\/div>\n\t\t\t\t<\/div>\n\t\t<div class=\"elementor-element elementor-element-7d14b93 e-flex e-con-boxed e-con e-parent\" data-id=\"7d14b93\" data-element_type=\"container\" data-e-type=\"container\" id=\"Freight\">\n\t\t\t\t\t<div class=\"e-con-inner\">\n\t\t<div class=\"elementor-element elementor-element-3d6364b e-con-full e-flex e-con e-child\" data-id=\"3d6364b\" data-element_type=\"container\" data-e-type=\"container\">\n\t\t\t\t<div class=\"elementor-element elementor-element-1e6276b elementor-widget elementor-widget-image\" data-id=\"1e6276b\" data-element_type=\"widget\" data-e-type=\"widget\" data-widget_type=\"image.default\">\n\t\t\t\t\t\t\t\t\t\t\t\t\t\t\t<img decoding=\"async\" width=\"1000\" height=\"667\" src=\"https:\/\/iafsgroup.de\/wp-content\/uploads\/2025\/12\/1537.jpg\" class=\"attachment-full size-full wp-image-805\" alt=\"IAFS GmbH team managing air freight pricing tariff strategies and airline revenue planning in Essen Germany\" srcset=\"https:\/\/iafsgroup.de\/wp-content\/uploads\/2025\/12\/1537.jpg 1000w, https:\/\/iafsgroup.de\/wp-content\/uploads\/2025\/12\/1537-300x200.jpg 300w, https:\/\/iafsgroup.de\/wp-content\/uploads\/2025\/12\/1537-768x512.jpg 768w\" sizes=\"(max-width: 1000px) 100vw, 1000px\" \/>\t\t\t\t\t\t\t\t\t\t\t\t\t\t\t<\/div>\n\t\t\t\t<\/div>\n\t\t<div class=\"elementor-element elementor-element-0bc8fc5 e-con-full e-flex e-con e-child\" data-id=\"0bc8fc5\" data-element_type=\"container\" data-e-type=\"container\">\n\t\t\t\t<div class=\"elementor-element elementor-element-e14025e elementor-widget elementor-widget-elementskit-heading\" data-id=\"e14025e\" data-element_type=\"widget\" data-e-type=\"widget\" data-widget_type=\"elementskit-heading.default\">\n\t\t\t\t\t<div class=\"ekit-wid-con\" ><div class=\"ekit-heading elementskit-section-title-wraper text_left   ekit_heading_tablet-text_left   ekit_heading_mobile-\"><h2 class=\"ekit-heading--title elementskit-section-title\">Luftfrachtpreise &amp; Tarifmanagement<\/h2><\/div><\/div>\t\t\t\t<\/div>\n\t\t\t\t<div class=\"elementor-element elementor-element-580a836 elementor-widget elementor-widget-text-editor\" data-id=\"580a836\" data-element_type=\"widget\" data-e-type=\"widget\" data-widget_type=\"text-editor.default\">\n\t\t\t\t\t\t\t\t\t<p>IAFS bietet fachkundige Luftfrachtpreisgestaltung und Tarifverwaltung, um Fluggesellschaften in dynamischen M\u00e4rkten wettbewerbsf\u00e4hig zu halten. Wir entwickeln Preisstrategien basierend auf Marktnachfrage, Frachtart und Strecken\u00f6konomie. Unser Team verwaltet Tarife, Sondertarife und konsignationsbasierte Preisgestaltung mit Genauigkeit. Dies gew\u00e4hrleistet Transparenz, Rentabilit\u00e4t und Kundenzufriedenheit. Fluggesellschaften profitieren von gut strukturierter Preisgestaltung, die sich an Marktver\u00e4nderungen anpasst.<\/p>\t\t\t\t\t\t\t\t<\/div>\n\t\t\t\t<div class=\"elementor-element elementor-element-5c552fc elementor-invisible elementor-widget elementor-widget-jkit_button\" data-id=\"5c552fc\" data-element_type=\"widget\" data-e-type=\"widget\" data-settings=\"{&quot;_animation&quot;:&quot;fadeIn&quot;,&quot;_animation_tablet&quot;:&quot;none&quot;}\" data-widget_type=\"jkit_button.default\">\n\t\t\t\t\t<div  class=\"jeg-elementor-kit jkit-button  icon-position-after jeg_module__2_69fc76d051cd1\" ><a href=\"https:\/\/iafsgroup.de\/de\/contact\/\" class=\"jkit-button-wrapper\">Kontakt<i aria-hidden=\"true\" class=\"jki jki-arrow-up-right-line\"><\/i><\/a><\/div>\t\t\t\t<\/div>\n\t\t\t\t<\/div>\n\t\t\t\t\t<\/div>\n\t\t\t\t<\/div>\n\t\t<div class=\"elementor-element elementor-element-a564fd0 e-flex e-con-boxed e-con e-parent\" data-id=\"a564fd0\" data-element_type=\"container\" data-e-type=\"container\" data-settings=\"{&quot;background_background&quot;:&quot;classic&quot;}\">\n\t\t\t\t\t<div class=\"e-con-inner\">\n\t\t<div class=\"elementor-element elementor-element-98ee26f e-con-full e-flex e-con e-child\" data-id=\"98ee26f\" data-element_type=\"container\" data-e-type=\"container\">\n\t\t\t\t<div class=\"elementor-element elementor-element-d0a2d5d elementor-widget elementor-widget-image\" data-id=\"d0a2d5d\" data-element_type=\"widget\" data-e-type=\"widget\" data-widget_type=\"image.default\">\n\t\t\t\t\t\t\t\t\t\t\t\t\t\t\t<img loading=\"lazy\" decoding=\"async\" width=\"1500\" height=\"1000\" src=\"https:\/\/iafsgroup.de\/wp-content\/uploads\/2025\/12\/29893797.jpg\" class=\"attachment-full size-full wp-image-809\" alt=\"IAFS GmbH team supporting cargo sales and airline marketing solutions for revenue growth in Essen Germany\" srcset=\"https:\/\/iafsgroup.de\/wp-content\/uploads\/2025\/12\/29893797.jpg 1500w, https:\/\/iafsgroup.de\/wp-content\/uploads\/2025\/12\/29893797-300x200.jpg 300w, https:\/\/iafsgroup.de\/wp-content\/uploads\/2025\/12\/29893797-1024x683.jpg 1024w, https:\/\/iafsgroup.de\/wp-content\/uploads\/2025\/12\/29893797-768x512.jpg 768w\" sizes=\"(max-width: 1500px) 100vw, 1500px\" \/>\t\t\t\t\t\t\t\t\t\t\t\t\t\t\t<\/div>\n\t\t\t\t<\/div>\n\t\t<div class=\"elementor-element elementor-element-47abee1 e-con-full e-flex e-con e-child\" data-id=\"47abee1\" data-element_type=\"container\" data-e-type=\"container\">\n\t\t\t\t<div class=\"elementor-element elementor-element-b46df04 elementor-widget elementor-widget-elementskit-heading\" data-id=\"b46df04\" data-element_type=\"widget\" data-e-type=\"widget\" data-widget_type=\"elementskit-heading.default\">\n\t\t\t\t\t<div class=\"ekit-wid-con\" ><div class=\"ekit-heading elementskit-section-title-wraper text_left   ekit_heading_tablet-text_left   ekit_heading_mobile-\"><h2 class=\"ekit-heading--title elementskit-section-title\">Vertriebs- und Marketingl\u00f6sungen f\u00fcr Fracht<\/h2><\/div><\/div>\t\t\t\t<\/div>\n\t\t\t\t<div class=\"elementor-element elementor-element-4397456 elementor-widget elementor-widget-text-editor\" data-id=\"4397456\" data-element_type=\"widget\" data-e-type=\"widget\" data-widget_type=\"text-editor.default\">\n\t\t\t\t\t\t\t\t\t<p data-start=\"1756\" data-end=\"2183\">Wir entwerfen und f\u00fchren gezielte Cargo-Verkaufs- und Marketingstrategien durch, um die Einnahmequellen von Fluggesellschaften zu st\u00e4rken. Unser Ansatz umfasst Marktanalyse, Kundenakquise und Beziehungsmanagement. Durch effektive Bewerbung von Cargo-Dienstleistungen helfen wir Fluggesellschaften, neue Kunden und Branchen zu erreichen. Wir konzentrieren uns auf den Aufbau langfristiger Partnerschaften anstelle von kurzfristigen Gewinnen. Dies f\u00fchrt zu nachhaltigem Wachstum und einer st\u00e4rkeren Markenpositionierung.<\/p>\t\t\t\t\t\t\t\t<\/div>\n\t\t\t\t<div class=\"elementor-element elementor-element-c9fe367 elementor-invisible elementor-widget elementor-widget-jkit_button\" data-id=\"c9fe367\" data-element_type=\"widget\" data-e-type=\"widget\" data-settings=\"{&quot;_animation&quot;:&quot;fadeIn&quot;,&quot;_animation_tablet&quot;:&quot;none&quot;}\" data-widget_type=\"jkit_button.default\">\n\t\t\t\t\t<div  class=\"jeg-elementor-kit jkit-button  icon-position-after jeg_module__3_69fc76d05300a\" ><a href=\"https:\/\/iafsgroup.de\/de\/contact\/\" class=\"jkit-button-wrapper\">Kontakt<i aria-hidden=\"true\" class=\"jki jki-arrow-up-right-line\"><\/i><\/a><\/div>\t\t\t\t<\/div>\n\t\t\t\t<\/div>\n\t\t\t\t\t<\/div>\n\t\t\t\t<\/div>\n\t\t<div class=\"elementor-element elementor-element-d09bd72 e-flex e-con-boxed e-con e-parent\" data-id=\"d09bd72\" data-element_type=\"container\" data-e-type=\"container\">\n\t\t\t\t\t<div class=\"e-con-inner\">\n\t\t<div class=\"elementor-element elementor-element-5709661 e-con-full e-flex e-con e-child\" data-id=\"5709661\" data-element_type=\"container\" data-e-type=\"container\">\n\t\t\t\t<div class=\"elementor-element elementor-element-ded87ab elementor-widget elementor-widget-image\" data-id=\"ded87ab\" data-element_type=\"widget\" data-e-type=\"widget\" data-widget_type=\"image.default\">\n\t\t\t\t\t\t\t\t\t\t\t\t\t\t\t<img loading=\"lazy\" decoding=\"async\" width=\"1207\" height=\"800\" src=\"https:\/\/iafsgroup.de\/wp-content\/uploads\/2025\/12\/201.webp\" class=\"attachment-full size-full wp-image-811\" alt=\"IAFS GmbH optimizing airline cargo routes and network planning for operational efficiency in Essen Germany\" srcset=\"https:\/\/iafsgroup.de\/wp-content\/uploads\/2025\/12\/201.webp 1207w, https:\/\/iafsgroup.de\/wp-content\/uploads\/2025\/12\/201-300x199.webp 300w, https:\/\/iafsgroup.de\/wp-content\/uploads\/2025\/12\/201-1024x679.webp 1024w, https:\/\/iafsgroup.de\/wp-content\/uploads\/2025\/12\/201-768x509.webp 768w\" sizes=\"(max-width: 1207px) 100vw, 1207px\" \/>\t\t\t\t\t\t\t\t\t\t\t\t\t\t\t<\/div>\n\t\t\t\t<\/div>\n\t\t<div class=\"elementor-element elementor-element-e390646 e-con-full e-flex e-con e-child\" data-id=\"e390646\" data-element_type=\"container\" data-e-type=\"container\">\n\t\t\t\t<div class=\"elementor-element elementor-element-9ceb583 elementor-widget elementor-widget-elementskit-heading\" data-id=\"9ceb583\" data-element_type=\"widget\" data-e-type=\"widget\" data-widget_type=\"elementskit-heading.default\">\n\t\t\t\t\t<div class=\"ekit-wid-con\" ><div class=\"ekit-heading elementskit-section-title-wraper text_left   ekit_heading_tablet-text_left   ekit_heading_mobile-\"><h2 class=\"ekit-heading--title elementskit-section-title\">Routen- und Netzwerkfrachtoptimierung<\/h2><\/div><\/div>\t\t\t\t<\/div>\n\t\t\t\t<div class=\"elementor-element elementor-element-bf01038 elementor-widget elementor-widget-text-editor\" data-id=\"bf01038\" data-element_type=\"widget\" data-e-type=\"widget\" data-widget_type=\"text-editor.default\">\n\t\t\t\t\t\t\t\t\t<p data-start=\"2235\" data-end=\"2609\">IAFS unterst\u00fctzt Fluggesellschaften bei der Optimierung ihrer Frachtstrecken und Netzwerkplanung. Wir bewerten Handelsrouten, Frachtbedarf und operationale Durchf\u00fchrbarkeit, um die Leistung zu verbessern. Unsere Erkenntnisse helfen Fluggesellschaften dabei, profitable Strecken auszuw\u00e4hlen und die Kapazit\u00e4t dort anzupassen, wo sie ben\u00f6tigt wird. Dies reduziert operationale Risiken und erh\u00f6ht die Effizienz. Das Ergebnis ist ein ausgewogeneres und ertragsorientiertes Frachtnetzwerk.<\/p>\t\t\t\t\t\t\t\t<\/div>\n\t\t\t\t<div class=\"elementor-element elementor-element-ad9e1f1 elementor-invisible elementor-widget elementor-widget-jkit_button\" data-id=\"ad9e1f1\" data-element_type=\"widget\" data-e-type=\"widget\" data-settings=\"{&quot;_animation&quot;:&quot;fadeIn&quot;,&quot;_animation_tablet&quot;:&quot;none&quot;}\" data-widget_type=\"jkit_button.default\">\n\t\t\t\t\t<div  class=\"jeg-elementor-kit jkit-button  icon-position-after jeg_module__4_69fc76d05426e\" ><a href=\"https:\/\/iafsgroup.de\/de\/contact\/\" class=\"jkit-button-wrapper\">Kontakt<i aria-hidden=\"true\" class=\"jki jki-arrow-up-right-line\"><\/i><\/a><\/div>\t\t\t\t<\/div>\n\t\t\t\t<\/div>\n\t\t\t\t\t<\/div>\n\t\t\t\t<\/div>\n\t\t<div class=\"elementor-element elementor-element-ed3e89b e-flex e-con-boxed e-con e-parent\" data-id=\"ed3e89b\" data-element_type=\"container\" data-e-type=\"container\" data-settings=\"{&quot;background_background&quot;:&quot;classic&quot;}\">\n\t\t\t\t\t<div class=\"e-con-inner\">\n\t\t<div class=\"elementor-element elementor-element-9acfbdd e-con-full e-flex e-con e-child\" data-id=\"9acfbdd\" data-element_type=\"container\" data-e-type=\"container\">\n\t\t\t\t<div class=\"elementor-element elementor-element-267796a elementor-widget elementor-widget-image\" data-id=\"267796a\" data-element_type=\"widget\" data-e-type=\"widget\" data-widget_type=\"image.default\">\n\t\t\t\t\t\t\t\t\t\t\t\t\t\t\t<img loading=\"lazy\" decoding=\"async\" width=\"1200\" height=\"800\" src=\"https:\/\/iafsgroup.de\/wp-content\/uploads\/2025\/12\/4477.webp\" class=\"attachment-full size-full wp-image-810\" alt=\"IAFS GmbH providing customer support and cargo operations coordination for airlines in Essen Germany\" srcset=\"https:\/\/iafsgroup.de\/wp-content\/uploads\/2025\/12\/4477.webp 1200w, https:\/\/iafsgroup.de\/wp-content\/uploads\/2025\/12\/4477-300x200.webp 300w, https:\/\/iafsgroup.de\/wp-content\/uploads\/2025\/12\/4477-1024x683.webp 1024w, https:\/\/iafsgroup.de\/wp-content\/uploads\/2025\/12\/4477-768x512.webp 768w\" sizes=\"(max-width: 1200px) 100vw, 1200px\" \/>\t\t\t\t\t\t\t\t\t\t\t\t\t\t\t<\/div>\n\t\t\t\t<\/div>\n\t\t<div class=\"elementor-element elementor-element-0d2fe76 e-con-full e-flex e-con e-child\" data-id=\"0d2fe76\" data-element_type=\"container\" data-e-type=\"container\">\n\t\t\t\t<div class=\"elementor-element elementor-element-2c98880 elementor-widget elementor-widget-elementskit-heading\" data-id=\"2c98880\" data-element_type=\"widget\" data-e-type=\"widget\" data-widget_type=\"elementskit-heading.default\">\n\t\t\t\t\t<div class=\"ekit-wid-con\" ><div class=\"ekit-heading elementskit-section-title-wraper text_left   ekit_heading_tablet-text_left   ekit_heading_mobile-\"><h2 class=\"ekit-heading--title elementskit-section-title\">Kundensupport &amp; Koordination der Frachtoperationen<\/h2><\/div><\/div>\t\t\t\t<\/div>\n\t\t\t\t<div class=\"elementor-element elementor-element-ed303f9 elementor-widget elementor-widget-text-editor\" data-id=\"ed303f9\" data-element_type=\"widget\" data-e-type=\"widget\" data-widget_type=\"text-editor.default\">\n\t\t\t\t\t\t\t\t\tUnser Kundenservice- und Frachtoperations-Koordinationsdienst gew\u00e4hrleistet eine reibungslose Kommunikation zwischen Fluggesellschaften, Agenten und Kunden. Wir bearbeiten Buchungsanfragen, unterst\u00fctzen bei der Dokumentation und l\u00f6sen Probleme professionell. Durch die Straffung der Koordination reduzieren wir Verz\u00f6gerungen und betriebliche Fehler. Unser reaktionsschneller Support st\u00e4rkt das Vertrauen und die langfristigen Kundenbeziehungen. Dies verbessert die gesamte Servicequalit\u00e4t und die betriebliche Zuverl\u00e4ssigkeit.\t\t\t\t\t\t\t\t<\/div>\n\t\t\t\t<div class=\"elementor-element elementor-element-9300e2a elementor-invisible elementor-widget elementor-widget-jkit_button\" data-id=\"9300e2a\" data-element_type=\"widget\" data-e-type=\"widget\" data-settings=\"{&quot;_animation&quot;:&quot;fadeIn&quot;,&quot;_animation_tablet&quot;:&quot;none&quot;}\" data-widget_type=\"jkit_button.default\">\n\t\t\t\t\t<div  class=\"jeg-elementor-kit jkit-button  icon-position-after jeg_module__5_69fc76d055569\" ><a href=\"https:\/\/iafsgroup.de\/de\/contact\/\" class=\"jkit-button-wrapper\">Kontakt<i aria-hidden=\"true\" class=\"jki jki-arrow-up-right-line\"><\/i><\/a><\/div>\t\t\t\t<\/div>\n\t\t\t\t<\/div>\n\t\t\t\t\t<\/div>\n\t\t\t\t<\/div>\n\t\t\t\t<\/div>","protected":false},"excerpt":{"rendered":"<p>Services Home Services General Sales &amp; Service Agent (GSSA) IAFS provides complete General Sales &amp; Service Agent (GSSA) solutions for airlines looking to expand their market presence. We manage sales, customer relationships, and operational coordination on behalf of airlines. Our experienced team ensures consistent revenue growth, brand representation, and strong market penetration. From cargo bookings [&hellip;]<\/p>\n","protected":false},"author":1,"featured_media":1172,"parent":0,"menu_order":0,"comment_status":"closed","ping_status":"closed","template":"elementor_header_footer","meta":{"footnotes":""},"class_list":["post-743","page","type-page","status-publish","has-post-thumbnail","hentry"],"_links":{"self":[{"href":"https:\/\/iafsgroup.de\/de\/wp-json\/wp\/v2\/pages\/743","targetHints":{"allow":["GET"]}}],"collection":[{"href":"https:\/\/iafsgroup.de\/de\/wp-json\/wp\/v2\/pages"}],"about":[{"href":"https:\/\/iafsgroup.de\/de\/wp-json\/wp\/v2\/types\/page"}],"author":[{"embeddable":true,"href":"https:\/\/iafsgroup.de\/de\/wp-json\/wp\/v2\/users\/1"}],"replies":[{"embeddable":true,"href":"https:\/\/iafsgroup.de\/de\/wp-json\/wp\/v2\/comments?post=743"}],"version-history":[{"count":0,"href":"https:\/\/iafsgroup.de\/de\/wp-json\/wp\/v2\/pages\/743\/revisions"}],"wp:featuredmedia":[{"embeddable":true,"href":"https:\/\/iafsgroup.de\/de\/wp-json\/wp\/v2\/media\/1172"}],"wp:attachment":[{"href":"https:\/\/iafsgroup.de\/de\/wp-json\/wp\/v2\/media?parent=743"}],"curies":[{"name":"wp","href":"https:\/\/api.w.org\/{rel}","templated":true}]}}